{"id":2214,"date":"2023-10-21T16:47:18","date_gmt":"2023-10-21T14:47:18","guid":{"rendered":"https:\/\/blog.erb-o-mat.de\/?page_id=2214"},"modified":"2023-10-21T17:16:59","modified_gmt":"2023-10-21T15:16:59","slug":"feedback","status":"publish","type":"page","link":"https:\/\/blog.erb-o-mat.de\/?page_id=2214","title":{"rendered":"Feedback"},"content":{"rendered":"\t\t<div data-elementor-type=\"wp-page\" data-elementor-id=\"2214\" class=\"elementor elementor-2214\">\n\t\t\t\t\t\t<section class=\"elementor-section elementor-top-section elementor-element elementor-element-d24cf02 elementor-section-boxed elementor-section-height-default elementor-section-height-default\" data-id=\"d24cf02\" data-element_type=\"section\" data-e-type=\"section\">\n\t\t\t\t\t\t<div class=\"elementor-container elementor-column-gap-default\">\n\t\t\t\t\t<div class=\"elementor-column elementor-col-100 elementor-top-column elementor-element elementor-element-1a5578b\" data-id=\"1a5578b\" data-element_type=\"column\" data-e-type=\"column\">\n\t\t\t<div class=\"elementor-widget-wrap elementor-element-populated\">\n\t\t\t\t\t\t<div class=\"elementor-element elementor-element-4ab78e2 elementor-widget-divider--view-line elementor-widget elementor-widget-divider\" data-id=\"4ab78e2\" data-element_type=\"widget\" data-e-type=\"widget\" data-widget_type=\"divider.default\">\n\t\t\t\t<div class=\"elementor-widget-container\">\n\t\t\t\t\t\t\t<div class=\"elementor-divider\">\n\t\t\t<span class=\"elementor-divider-separator\">\n\t\t\t\t\t\t<\/span>\n\t\t<\/div>\n\t\t\t\t\t\t<\/div>\n\t\t\t\t<\/div>\n\t\t\t\t<div class=\"elementor-element elementor-element-3f2110e elementor-widget elementor-widget-wpforms\" data-id=\"3f2110e\" data-element_type=\"widget\" data-e-type=\"widget\" data-widget_type=\"wpforms.default\">\n\t\t\t\t<div class=\"elementor-widget-container\">\n\t\t\t\t\t<div class=\"wpforms-container \" id=\"wpforms-2225\"><form id=\"wpforms-form-2225\" class=\"wpforms-validate wpforms-form wpforms-ajax-form\" data-formid=\"2225\" method=\"post\" enctype=\"multipart\/form-data\" action=\"\/index.php?rest_route=%2Fwp%2Fv2%2Fpages%2F2214\" data-token=\"ec2fe458bc26e10acca55ffa2d8318e5\" data-token-time=\"1778882550\"><noscript class=\"wpforms-error-noscript\">Bitte aktiviere JavaScript in deinem Browser, um dieses Formular fertigzustellen.<\/noscript><div class=\"wpforms-field-container\"><div id=\"wpforms-2225-field_1-container\" class=\"wpforms-field wpforms-field-name\" data-field-id=\"1\"><label class=\"wpforms-field-label\" for=\"wpforms-2225-field_1\">Name (optional)<\/label><input type=\"text\" id=\"wpforms-2225-field_1\" class=\"wpforms-field-medium\" name=\"wpforms[fields][1]\" ><\/div><div id=\"wpforms-2225-field_7-container\" class=\"wpforms-field wpforms-field-email\" data-field-id=\"7\"><label class=\"wpforms-field-label\" for=\"wpforms-2225-field_7\">Email (optional)<\/label><input type=\"email\" id=\"wpforms-2225-field_7\" class=\"wpforms-field-medium\" name=\"wpforms[fields][7]\" spellcheck=\"false\" ><\/div><div id=\"wpforms-2225-field_2-container\" class=\"wpforms-field wpforms-field-radio wpforms-list-2-columns\" data-field-id=\"2\"><label class=\"wpforms-field-label\">Haben Sie den ERB-O-MAT bereits ausprobiert? <span class=\"wpforms-required-label\">*<\/span><\/label><ul id=\"wpforms-2225-field_2\" class=\"wpforms-field-required\"><li class=\"choice-1 depth-1\"><input type=\"radio\" id=\"wpforms-2225-field_2_1\" name=\"wpforms[fields][2]\" value=\"Ja\" required ><label class=\"wpforms-field-label-inline\" for=\"wpforms-2225-field_2_1\">Ja<\/label><\/li><li class=\"choice-2 depth-1\"><input type=\"radio\" id=\"wpforms-2225-field_2_2\" name=\"wpforms[fields][2]\" value=\"Nein\" required ><label class=\"wpforms-field-label-inline\" for=\"wpforms-2225-field_2_2\">Nein<\/label><\/li><\/ul><\/div><div id=\"wpforms-2225-field_8-container\" class=\"wpforms-field wpforms-field-radio wpforms-list-3-columns\" data-field-id=\"8\"><label class=\"wpforms-field-label\">Wie einfach fanden Sie die Testamentserstellung per Fragebogen?<\/label><ul id=\"wpforms-2225-field_8\"><li class=\"choice-1 depth-1\"><input type=\"radio\" id=\"wpforms-2225-field_8_1\" name=\"wpforms[fields][8]\" value=\"Schwierig\"  ><label class=\"wpforms-field-label-inline\" for=\"wpforms-2225-field_8_1\">Schwierig<\/label><\/li><li class=\"choice-2 depth-1\"><input type=\"radio\" id=\"wpforms-2225-field_8_2\" name=\"wpforms[fields][8]\" value=\"Mittelm\u00e4\u00dfig\"  ><label class=\"wpforms-field-label-inline\" for=\"wpforms-2225-field_8_2\">Mittelm\u00e4\u00dfig<\/label><\/li><li class=\"choice-3 depth-1\"><input type=\"radio\" id=\"wpforms-2225-field_8_3\" name=\"wpforms[fields][8]\" value=\"Einfach\"  ><label class=\"wpforms-field-label-inline\" for=\"wpforms-2225-field_8_3\">Einfach<\/label><\/li><\/ul><\/div><div id=\"wpforms-2225-field_9-container\" class=\"wpforms-field wpforms-field-radio wpforms-list-3-columns\" data-field-id=\"9\"><label class=\"wpforms-field-label\">Sind Sie zufrieden mit dem resultierenden Testament?<\/label><ul id=\"wpforms-2225-field_9\"><li class=\"choice-1 depth-1\"><input type=\"radio\" id=\"wpforms-2225-field_9_1\" name=\"wpforms[fields][9]\" value=\"Ja\"  ><label class=\"wpforms-field-label-inline\" for=\"wpforms-2225-field_9_1\">Ja<\/label><\/li><li class=\"choice-2 depth-1\"><input type=\"radio\" id=\"wpforms-2225-field_9_2\" name=\"wpforms[fields][9]\" value=\"Nein\"  ><label class=\"wpforms-field-label-inline\" for=\"wpforms-2225-field_9_2\">Nein<\/label><\/li><\/ul><\/div><div id=\"wpforms-2225-field_5-container\" class=\"wpforms-field wpforms-field-radio wpforms-list-3-columns\" data-field-id=\"5\"><label class=\"wpforms-field-label\">Welche allgemeine Bewertung geben Sie dem ERB-O-MAT?<\/label><ul id=\"wpforms-2225-field_5\"><li class=\"choice-1 depth-1\"><input type=\"radio\" id=\"wpforms-2225-field_5_1\" name=\"wpforms[fields][5]\" value=\"Schlecht\"  ><label class=\"wpforms-field-label-inline\" for=\"wpforms-2225-field_5_1\">Schlecht<\/label><\/li><li class=\"choice-2 depth-1\"><input type=\"radio\" id=\"wpforms-2225-field_5_2\" name=\"wpforms[fields][5]\" value=\"Mittelm\u00e4\u00dfig\"  ><label class=\"wpforms-field-label-inline\" for=\"wpforms-2225-field_5_2\">Mittelm\u00e4\u00dfig<\/label><\/li><li class=\"choice-3 depth-1\"><input type=\"radio\" id=\"wpforms-2225-field_5_3\" name=\"wpforms[fields][5]\" value=\"Gut\"  ><label class=\"wpforms-field-label-inline\" for=\"wpforms-2225-field_5_3\">Gut<\/label><\/li><\/ul><\/div><div id=\"wpforms-2225-field_6-container\" class=\"wpforms-field wpforms-field-textarea\" data-field-id=\"6\"><label class=\"wpforms-field-label\" for=\"wpforms-2225-field_6\">Was m\u00f6chten Sie uns wissen lassen?<\/label><textarea id=\"wpforms-2225-field_6\" class=\"wpforms-field-medium wpforms-limit-characters-enabled\" data-form-id=\"2225\" data-field-id=\"6\" data-text-limit=\"500\" name=\"wpforms[fields][6]\" placeholder=\"Schreiben Sie uns gerne, womit Sie bei der Testamentserstellung Probleme hatten oder aber was Ihnen sehr gut gefallen hat.\" maxlength=\"500\" ><\/textarea><\/div><\/div><!-- .wpforms-field-container --><div class=\"wpforms-submit-container\" ><input type=\"hidden\" name=\"wpforms[id]\" value=\"2225\"><input type=\"hidden\" name=\"page_title\" value=\"\"><input type=\"hidden\" name=\"page_url\" value=\"https:\/\/blog.erb-o-mat.de\/index.php?rest_route=\/wp\/v2\/pages\/2214\"><input type=\"hidden\" name=\"url_referer\" value=\"\"><button type=\"submit\" name=\"wpforms[submit]\" id=\"wpforms-submit-2225\" class=\"wpforms-submit\" data-alt-text=\"Ihr Feedback wird gesendet...\" data-submit-text=\"Absenden\" aria-live=\"assertive\" value=\"wpforms-submit\">Absenden<\/button><img decoding=\"async\" src=\"https:\/\/blog.erb-o-mat.de\/wp-content\/plugins\/wpforms-lite\/assets\/images\/submit-spin.svg\" class=\"wpforms-submit-spinner\" style=\"display: none;\" width=\"26\" height=\"26\" alt=\"Wird geladen\"><\/div><\/form><\/div>  <!-- .wpforms-container -->\t\t\t\t<\/div>\n\t\t\t\t<\/div>\n\t\t\t\t\t<\/div>\n\t\t<\/div>\n\t\t\t\t\t<\/div>\n\t\t<\/section>\n\t\t\t\t<\/div>\n\t\t","protected":false},"excerpt":{"rendered":"<p>Bitte aktiviere JavaScript in deinem Browser, um dieses Formular fertigzustellen.Name (optional)Email (optional)Haben Sie den ERB-O-MAT bereits ausprobiert? * Ja Nein Wie einfach fanden Sie die Testamentserstellung per Fragebogen? * Schwierig Mittelm\u00e4\u00dfig Einfach Sind Sie zufrieden mit dem resultierenden Testament? * Ja Nein Welche allgemeine Bewertung geben Sie dem ERB-O-MAT? * Schlecht Mittelm\u00e4\u00dfig Gut Was m\u00f6chten [&hellip;]<\/p>\n","protected":false},"author":1,"featured_media":0,"parent":0,"menu_order":0,"comment_status":"closed","ping_status":"closed","template":"","meta":{"site-sidebar-layout":"default","site-content-layout":"","ast-site-content-layout":"default","site-content-style":"default","site-sidebar-style":"default","ast-global-header-display":"","ast-banner-title-visibility":"","ast-main-header-display":"","ast-hfb-above-header-display":"","ast-hfb-below-header-display":"","ast-hfb-mobile-header-display":"","site-post-title":"","ast-breadcrumbs-content":"","ast-featured-img":"","footer-sml-layout":"","theme-transparent-header-meta":"","adv-header-id-meta":"","stick-header-meta":"","header-above-stick-meta":"","header-main-stick-meta":"","header-below-stick-meta":"","astra-migrate-meta-layouts":"set","ast-page-background-enabled":"default","ast-page-background-meta":{"desktop":{"background-color":"","background-image":"","background-repeat":"repeat","background-position":"center center","background-size":"auto","background-attachment":"scroll","background-type":"","background-media":"","overlay-type":"","overlay-color":"","overlay-opacity":"","overlay-gradient":""},"tablet":{"background-color":"","background-image":"","background-repeat":"repeat","background-position":"center center","background-size":"auto","background-attachment":"scroll","background-type":"","background-media":"","overlay-type":"","overlay-color":"","overlay-opacity":"","overlay-gradient":""},"mobile":{"background-color":"","background-image":"","background-repeat":"repeat","background-position":"center center","background-size":"auto","background-attachment":"scroll","background-type":"","background-media":"","overlay-type":"","overlay-color":"","overlay-opacity":"","overlay-gradient":""}},"ast-content-background-meta":{"desktop":{"background-color":"var(--ast-global-color-5)","background-image":"","background-repeat":"repeat","background-position":"center center","background-size":"auto","background-attachment":"scroll","background-type":"","background-media":"","overlay-type":"","overlay-color":"","overlay-opacity":"","overlay-gradient":""},"tablet":{"background-color":"var(--ast-global-color-5)","background-image":"","background-repeat":"repeat","background-position":"center center","background-size":"auto","background-attachment":"scroll","background-type":"","background-media":"","overlay-type":"","overlay-color":"","overlay-opacity":"","overlay-gradient":""},"mobile":{"background-color":"var(--ast-global-color-5)","background-image":"","background-repeat":"repeat","background-position":"center center","background-size":"auto","background-attachment":"scroll","background-type":"","background-media":"","overlay-type":"","overlay-color":"","overlay-opacity":"","overlay-gradient":""}},"footnotes":""},"class_list":["post-2214","page","type-page","status-publish","hentry"],"_links":{"self":[{"href":"https:\/\/blog.erb-o-mat.de\/index.php?rest_route=\/wp\/v2\/pages\/2214","targetHints":{"allow":["GET"]}}],"collection":[{"href":"https:\/\/blog.erb-o-mat.de\/index.php?rest_route=\/wp\/v2\/pages"}],"about":[{"href":"https:\/\/blog.erb-o-mat.de\/index.php?rest_route=\/wp\/v2\/types\/page"}],"author":[{"embeddable":true,"href":"https:\/\/blog.erb-o-mat.de\/index.php?rest_route=\/wp\/v2\/users\/1"}],"replies":[{"embeddable":true,"href":"https:\/\/blog.erb-o-mat.de\/index.php?rest_route=%2Fwp%2Fv2%2Fcomments&post=2214"}],"version-history":[{"count":13,"href":"https:\/\/blog.erb-o-mat.de\/index.php?rest_route=\/wp\/v2\/pages\/2214\/revisions"}],"predecessor-version":[{"id":2239,"href":"https:\/\/blog.erb-o-mat.de\/index.php?rest_route=\/wp\/v2\/pages\/2214\/revisions\/2239"}],"wp:attachment":[{"href":"https:\/\/blog.erb-o-mat.de\/index.php?rest_route=%2Fwp%2Fv2%2Fmedia&parent=2214"}],"curies":[{"name":"wp","href":"https:\/\/api.w.org\/{rel}","templated":true}]}}