{"id":1710,"date":"2018-11-27T09:17:08","date_gmt":"2018-11-27T08:17:08","guid":{"rendered":"https:\/\/blog.erb-o-mat.de\/?page_id=1710"},"modified":"2025-01-28T15:55:52","modified_gmt":"2025-01-28T14:55:52","slug":"ueber-uns","status":"publish","type":"page","link":"https:\/\/blog.erb-o-mat.de\/?page_id=1710","title":{"rendered":"\u00dcber Uns"},"content":{"rendered":"\t\t<div data-elementor-type=\"wp-post\" data-elementor-id=\"1710\" class=\"elementor elementor-1710\">\n\t\t\t\t\t\t<section class=\"elementor-section elementor-top-section elementor-element elementor-element-d7d8b56 elementor-section-boxed elementor-section-height-default elementor-section-height-default\" data-id=\"d7d8b56\" data-element_type=\"section\" data-e-type=\"section\" data-settings=\"{&quot;background_background&quot;:&quot;classic&quot;}\">\n\t\t\t\t\t\t\t<div class=\"elementor-background-overlay\"><\/div>\n\t\t\t\t\t\t\t<div class=\"elementor-container elementor-column-gap-default\">\n\t\t\t\t\t<div class=\"elementor-column elementor-col-100 elementor-top-column elementor-element elementor-element-fd69444\" data-id=\"fd69444\" data-element_type=\"column\" data-e-type=\"column\">\n\t\t\t<div class=\"elementor-widget-wrap elementor-element-populated\">\n\t\t\t\t\t\t<div class=\"elementor-element elementor-element-abcc2f2 elementor-widget elementor-widget-heading\" data-id=\"abcc2f2\" data-element_type=\"widget\" data-e-type=\"widget\" data-widget_type=\"heading.default\">\n\t\t\t\t<div class=\"elementor-widget-container\">\n\t\t\t\t\t<h1 class=\"elementor-heading-title elementor-size-default\">\u00dcber Uns<\/h1>\t\t\t\t<\/div>\n\t\t\t\t<\/div>\n\t\t\t\t\t<\/div>\n\t\t<\/div>\n\t\t\t\t\t<\/div>\n\t\t<\/section>\n\t\t\t\t<section class=\"elementor-section elementor-top-section elementor-element elementor-element-5c40d7b elementor-section-boxed elementor-section-height-default elementor-section-height-default\" data-id=\"5c40d7b\" data-element_type=\"section\" data-e-type=\"section\">\n\t\t\t\t\t\t<div class=\"elementor-container elementor-column-gap-default\">\n\t\t\t\t\t<div class=\"elementor-column elementor-col-50 elementor-top-column elementor-element elementor-element-2ebbf9c\" data-id=\"2ebbf9c\" data-element_type=\"column\" data-e-type=\"column\">\n\t\t\t<div class=\"elementor-widget-wrap elementor-element-populated\">\n\t\t\t\t\t\t<div class=\"elementor-element elementor-element-fe195c7 elementor-widget elementor-widget-heading\" data-id=\"fe195c7\" data-element_type=\"widget\" data-e-type=\"widget\" data-widget_type=\"heading.default\">\n\t\t\t\t<div class=\"elementor-widget-container\">\n\t\t\t\t\t<h2 class=\"elementor-heading-title elementor-size-default\">Geschichte des ERB-O-MAT<\/h2>\t\t\t\t<\/div>\n\t\t\t\t<\/div>\n\t\t\t\t<div class=\"elementor-element elementor-element-dc051dd elementor-widget-divider--view-line elementor-widget elementor-widget-divider\" data-id=\"dc051dd\" data-element_type=\"widget\" data-e-type=\"widget\" data-widget_type=\"divider.default\">\n\t\t\t\t<div class=\"elementor-widget-container\">\n\t\t\t\t\t\t\t<div class=\"elementor-divider\">\n\t\t\t<span class=\"elementor-divider-separator\">\n\t\t\t\t\t\t<\/span>\n\t\t<\/div>\n\t\t\t\t\t\t<\/div>\n\t\t\t\t<\/div>\n\t\t\t\t<div class=\"elementor-element elementor-element-e5f497e elementor-widget elementor-widget-text-editor\" data-id=\"e5f497e\" data-element_type=\"widget\" data-e-type=\"widget\" data-widget_type=\"text-editor.default\">\n\t\t\t\t<div class=\"elementor-widget-container\">\n\t\t\t\t\t\t\t\t\t<p>Die Geschichte des ERB-O-MAT begann im Jahr 2019 mit einem Langstreckenflug von Peking nach Hamburg. Kai Sudmann \u00fcberlegte bei seiner R\u00fcckkehr von einer mehrw\u00f6chigen Asien-Reise, wie er das Angebot, das er seinen Mandanten als Fachanwalt f\u00fcr Erbrecht bietet, komfortabler und digitaler machen kann. Hierbei kam ihm die Idee des Online-Testamentsgenerators ERB-O-MAT.<\/p><p>Nach dem Projektstart dauerte es ca. 15 Monate bis das urspr\u00fcngliche Konzept erstmals als funktionsf\u00e4hige Website im August 2020 online ging. Beim Durchlaufen des Fragebogens wird dabei dem Kunden aus \u00fcber 150 verschiedenen Textmodulen seine individuelle Testamentsl\u00f6sung erstellt &#8211; und das alles bequem, sicher &amp; kosteng\u00fcnstig von zuhause aus.<\/p><p>Seitdem entwickelt das Team den ERB-O-MAT stetig weiter, um das Angebot noch weiter an die Bed\u00fcrfnisse der Kunden anzupassen. Schauen Sie doch direkt mal rein!<\/p><p>\u00a0<\/p>\t\t\t\t\t\t\t\t<\/div>\n\t\t\t\t<\/div>\n\t\t\t\t<div class=\"elementor-element elementor-element-0f92c27 elementor-align-left elementor-mobile-align-center elementor-widget elementor-widget-button\" data-id=\"0f92c27\" data-element_type=\"widget\" data-e-type=\"widget\" data-widget_type=\"button.default\">\n\t\t\t\t<div class=\"elementor-widget-container\">\n\t\t\t\t\t\t\t\t\t<div class=\"elementor-button-wrapper\">\n\t\t\t\t\t<a class=\"elementor-button elementor-button-link elementor-size-sm elementor-animation-grow\" href=\"https:\/\/www.erb-o-mat.de\">\n\t\t\t\t\t\t<span class=\"elementor-button-content-wrapper\">\n\t\t\t\t\t\t<span class=\"elementor-button-icon\">\n\t\t\t\t<i aria-hidden=\"true\" class=\"fas fa-long-arrow-alt-right\"><\/i>\t\t\t<\/span>\n\t\t\t\t\t\t\t\t\t<span class=\"elementor-button-text\">Zum Erb-o-mat<\/span>\n\t\t\t\t\t<\/span>\n\t\t\t\t\t<\/a>\n\t\t\t\t<\/div>\n\t\t\t\t\t\t\t\t<\/div>\n\t\t\t\t<\/div>\n\t\t\t\t\t<\/div>\n\t\t<\/div>\n\t\t\t\t<div class=\"elementor-column elementor-col-50 elementor-top-column elementor-element elementor-element-e5fdae0\" data-id=\"e5fdae0\" data-element_type=\"column\" data-e-type=\"column\">\n\t\t\t<div class=\"elementor-widget-wrap elementor-element-populated\">\n\t\t\t\t\t\t<div class=\"elementor-element elementor-element-96b5b53 elementor-widget elementor-widget-image\" data-id=\"96b5b53\" data-element_type=\"widget\" data-e-type=\"widget\" data-widget_type=\"image.default\">\n\t\t\t\t<div class=\"elementor-widget-container\">\n\t\t\t\t\t\t\t\t\t\t\t\t\t\t\t<img fetchpriority=\"high\" decoding=\"async\" width=\"2560\" height=\"1707\" src=\"https:\/\/blog.erb-o-mat.de\/wp-content\/uploads\/2023\/10\/Picture1-scaled.jpg\" class=\"attachment-full size-full wp-image-1996\" alt=\"\" srcset=\"https:\/\/blog.erb-o-mat.de\/wp-content\/uploads\/2023\/10\/Picture1-scaled.jpg 2560w, https:\/\/blog.erb-o-mat.de\/wp-content\/uploads\/2023\/10\/Picture1-300x200.jpg 300w, https:\/\/blog.erb-o-mat.de\/wp-content\/uploads\/2023\/10\/Picture1-720x480.jpg 720w, https:\/\/blog.erb-o-mat.de\/wp-content\/uploads\/2023\/10\/Picture1-768x512.jpg 768w, https:\/\/blog.erb-o-mat.de\/wp-content\/uploads\/2023\/10\/Picture1-1536x1024.jpg 1536w, https:\/\/blog.erb-o-mat.de\/wp-content\/uploads\/2023\/10\/Picture1-2048x1366.jpg 2048w\" sizes=\"(max-width: 2560px) 100vw, 2560px\" \/>\t\t\t\t\t\t\t\t\t\t\t\t\t\t\t<\/div>\n\t\t\t\t<\/div>\n\t\t\t\t\t<\/div>\n\t\t<\/div>\n\t\t\t\t\t<\/div>\n\t\t<\/section>\n\t\t\t\t<section class=\"elementor-section elementor-top-section elementor-element elementor-element-20eb33a elementor-section-boxed elementor-section-height-default elementor-section-height-default\" data-id=\"20eb33a\" data-element_type=\"section\" data-e-type=\"section\">\n\t\t\t\t\t\t<div class=\"elementor-container elementor-column-gap-default\">\n\t\t\t\t\t<div class=\"elementor-column elementor-col-100 elementor-top-column elementor-element elementor-element-d60685d\" data-id=\"d60685d\" data-element_type=\"column\" data-e-type=\"column\">\n\t\t\t<div class=\"elementor-widget-wrap elementor-element-populated\">\n\t\t\t\t\t\t<div class=\"elementor-element elementor-element-1972f52 elementor-widget elementor-widget-heading\" data-id=\"1972f52\" data-element_type=\"widget\" data-e-type=\"widget\" data-widget_type=\"heading.default\">\n\t\t\t\t<div class=\"elementor-widget-container\">\n\t\t\t\t\t<h2 class=\"elementor-heading-title elementor-size-default\">Das Team<\/h2>\t\t\t\t<\/div>\n\t\t\t\t<\/div>\n\t\t\t\t<div class=\"elementor-element elementor-element-571cbde elementor-widget-divider--view-line elementor-widget elementor-widget-divider\" data-id=\"571cbde\" data-element_type=\"widget\" data-e-type=\"widget\" data-widget_type=\"divider.default\">\n\t\t\t\t<div class=\"elementor-widget-container\">\n\t\t\t\t\t\t\t<div class=\"elementor-divider\">\n\t\t\t<span class=\"elementor-divider-separator\">\n\t\t\t\t\t\t<\/span>\n\t\t<\/div>\n\t\t\t\t\t\t<\/div>\n\t\t\t\t<\/div>\n\t\t\t\t\t<\/div>\n\t\t<\/div>\n\t\t\t\t\t<\/div>\n\t\t<\/section>\n\t\t\t\t<section class=\"elementor-section elementor-top-section elementor-element elementor-element-e90a943 elementor-section-boxed elementor-section-height-default elementor-section-height-default\" data-id=\"e90a943\" data-element_type=\"section\" data-e-type=\"section\">\n\t\t\t\t\t\t<div class=\"elementor-container elementor-column-gap-default\">\n\t\t\t\t\t<div class=\"elementor-column elementor-col-25 elementor-top-column elementor-element elementor-element-714d15a\" data-id=\"714d15a\" data-element_type=\"column\" data-e-type=\"column\">\n\t\t\t<div class=\"elementor-widget-wrap elementor-element-populated\">\n\t\t\t\t\t\t<div class=\"elementor-element elementor-element-aebf112 elementor-position-top elementor-widget elementor-widget-image-box\" data-id=\"aebf112\" data-element_type=\"widget\" data-e-type=\"widget\" data-widget_type=\"image-box.default\">\n\t\t\t\t<div class=\"elementor-widget-container\">\n\t\t\t\t\t<div class=\"elementor-image-box-wrapper\"><figure class=\"elementor-image-box-img\"><a href=\"https:\/\/de.linkedin.com\/in\/kai-sudmann-8b0348181\" target=\"_blank\" tabindex=\"-1\"><img decoding=\"async\" width=\"256\" height=\"256\" src=\"https:\/\/blog.erb-o-mat.de\/wp-content\/uploads\/2023\/08\/Bild_Kai2.jpg\" class=\"elementor-animation-grow attachment-full size-full wp-image-128\" alt=\"\" srcset=\"https:\/\/blog.erb-o-mat.de\/wp-content\/uploads\/2023\/08\/Bild_Kai2.jpg 256w, https:\/\/blog.erb-o-mat.de\/wp-content\/uploads\/2023\/08\/Bild_Kai2-150x150.jpg 150w\" sizes=\"(max-width: 256px) 100vw, 256px\" \/><\/a><\/figure><div class=\"elementor-image-box-content\"><h3 class=\"elementor-image-box-title\"><a href=\"https:\/\/de.linkedin.com\/in\/kai-sudmann-8b0348181\" target=\"_blank\">Kai Sudmann<\/a><\/h3><p class=\"elementor-image-box-description\">Gr\u00fcnder &amp; CEO<\/p><\/div><\/div>\t\t\t\t<\/div>\n\t\t\t\t<\/div>\n\t\t\t\t\t<\/div>\n\t\t<\/div>\n\t\t\t\t<div class=\"elementor-column elementor-col-25 elementor-top-column elementor-element elementor-element-97daadc\" data-id=\"97daadc\" data-element_type=\"column\" data-e-type=\"column\">\n\t\t\t<div class=\"elementor-widget-wrap elementor-element-populated\">\n\t\t\t\t\t\t<div class=\"elementor-element elementor-element-620376b elementor-position-top elementor-widget elementor-widget-image-box\" data-id=\"620376b\" data-element_type=\"widget\" data-e-type=\"widget\" data-widget_type=\"image-box.default\">\n\t\t\t\t<div class=\"elementor-widget-container\">\n\t\t\t\t\t<div class=\"elementor-image-box-wrapper\"><figure class=\"elementor-image-box-img\"><img decoding=\"async\" width=\"227\" height=\"227\" src=\"https:\/\/blog.erb-o-mat.de\/wp-content\/uploads\/2023\/11\/Bild_Tobi.png\" class=\"elementor-animation-grow attachment-full size-full wp-image-2486\" alt=\"\" srcset=\"https:\/\/blog.erb-o-mat.de\/wp-content\/uploads\/2023\/11\/Bild_Tobi.png 227w, https:\/\/blog.erb-o-mat.de\/wp-content\/uploads\/2023\/11\/Bild_Tobi-150x150.png 150w\" sizes=\"(max-width: 227px) 100vw, 227px\" \/><\/figure><div class=\"elementor-image-box-content\"><h3 class=\"elementor-image-box-title\">Tobias Wicker<\/h3><p class=\"elementor-image-box-description\">Softwareentwickler<\/p><\/div><\/div>\t\t\t\t<\/div>\n\t\t\t\t<\/div>\n\t\t\t\t\t<\/div>\n\t\t<\/div>\n\t\t\t\t<div class=\"elementor-column elementor-col-25 elementor-top-column elementor-element elementor-element-366befb\" data-id=\"366befb\" data-element_type=\"column\" data-e-type=\"column\">\n\t\t\t<div class=\"elementor-widget-wrap elementor-element-populated\">\n\t\t\t\t\t\t<div class=\"elementor-element elementor-element-76f62cb elementor-position-top elementor-widget elementor-widget-image-box\" data-id=\"76f62cb\" data-element_type=\"widget\" data-e-type=\"widget\" data-widget_type=\"image-box.default\">\n\t\t\t\t<div class=\"elementor-widget-container\">\n\t\t\t\t\t<div class=\"elementor-image-box-wrapper\"><figure class=\"elementor-image-box-img\"><a href=\"https:\/\/de.linkedin.com\/in\/lukas-siedler-a64989232?trk=people-guest_people_search-card\" tabindex=\"-1\"><img loading=\"lazy\" decoding=\"async\" width=\"224\" height=\"223\" src=\"https:\/\/blog.erb-o-mat.de\/wp-content\/uploads\/2023\/11\/Bild_Lukas.png\" class=\"elementor-animation-grow attachment-full size-full wp-image-2487\" alt=\"\" srcset=\"https:\/\/blog.erb-o-mat.de\/wp-content\/uploads\/2023\/11\/Bild_Lukas.png 224w, https:\/\/blog.erb-o-mat.de\/wp-content\/uploads\/2023\/11\/Bild_Lukas-150x150.png 150w\" sizes=\"(max-width: 224px) 100vw, 224px\" \/><\/a><\/figure><div class=\"elementor-image-box-content\"><h3 class=\"elementor-image-box-title\"><a href=\"https:\/\/de.linkedin.com\/in\/lukas-siedler-a64989232?trk=people-guest_people_search-card\">Lukas Siedler<\/a><\/h3><p class=\"elementor-image-box-description\">Softwareentwickler<\/p><\/div><\/div>\t\t\t\t<\/div>\n\t\t\t\t<\/div>\n\t\t\t\t\t<\/div>\n\t\t<\/div>\n\t\t\t\t<div class=\"elementor-column elementor-col-25 elementor-top-column elementor-element elementor-element-974cf37\" data-id=\"974cf37\" data-element_type=\"column\" data-e-type=\"column\">\n\t\t\t<div class=\"elementor-widget-wrap elementor-element-populated\">\n\t\t\t\t\t\t<div class=\"elementor-element elementor-element-68a6b96 elementor-position-top elementor-widget elementor-widget-image-box\" data-id=\"68a6b96\" data-element_type=\"widget\" data-e-type=\"widget\" data-widget_type=\"image-box.default\">\n\t\t\t\t<div class=\"elementor-widget-container\">\n\t\t\t\t\t<div class=\"elementor-image-box-wrapper\"><figure class=\"elementor-image-box-img\"><a href=\"https:\/\/de.linkedin.com\/in\/tsudmann?trk=people-guest_people_search-card\" target=\"_blank\" tabindex=\"-1\"><img loading=\"lazy\" decoding=\"async\" width=\"257\" height=\"256\" src=\"https:\/\/blog.erb-o-mat.de\/wp-content\/uploads\/2023\/10\/Untitled.png\" class=\"elementor-animation-grow attachment-full size-full wp-image-1963\" alt=\"\" srcset=\"https:\/\/blog.erb-o-mat.de\/wp-content\/uploads\/2023\/10\/Untitled.png 257w, https:\/\/blog.erb-o-mat.de\/wp-content\/uploads\/2023\/10\/Untitled-150x150.png 150w\" sizes=\"(max-width: 257px) 100vw, 257px\" \/><\/a><\/figure><div class=\"elementor-image-box-content\"><h3 class=\"elementor-image-box-title\"><a href=\"https:\/\/de.linkedin.com\/in\/tsudmann?trk=people-guest_people_search-card\" target=\"_blank\">Timo Sudmann<\/a><\/h3><p class=\"elementor-image-box-description\">Projektmanager<\/p><\/div><\/div>\t\t\t\t<\/div>\n\t\t\t\t<\/div>\n\t\t\t\t\t<\/div>\n\t\t<\/div>\n\t\t\t\t\t<\/div>\n\t\t<\/section>\n\t\t\t\t<\/div>\n\t\t","protected":false},"excerpt":{"rendered":"<p>\u00dcber Uns Geschichte des ERB-O-MAT Die Geschichte des ERB-O-MAT begann im Jahr 2019 mit einem Langstreckenflug von Peking nach Hamburg. Kai Sudmann \u00fcberlegte bei seiner R\u00fcckkehr von einer mehrw\u00f6chigen Asien-Reise, wie er das Angebot, das er seinen Mandanten als Fachanwalt f\u00fcr Erbrecht bietet, komfortabler und digitaler machen kann. Hierbei kam ihm die Idee des Online-Testamentsgenerators [&hellip;]<\/p>\n","protected":false},"author":1,"featured_media":0,"parent":0,"menu_order":0,"comment_status":"closed","ping_status":"closed","template":"","meta":{"site-sidebar-layout":"no-sidebar","site-content-layout":"page-builder","ast-site-content-layout":"default","site-content-style":"default","site-sidebar-style":"default","ast-global-header-display":"","ast-banner-title-visibility":"","ast-main-header-display":"","ast-hfb-above-header-display":"","ast-hfb-below-header-display":"","ast-hfb-mobile-header-display":"","site-post-title":"disabled","ast-breadcrumbs-content":"","ast-featured-img":"disabled","footer-sml-layout":"","theme-transparent-header-meta":"enabled","adv-header-id-meta":"","stick-header-meta":"","header-above-stick-meta":"","header-main-stick-meta":"","header-below-stick-meta":"","astra-migrate-meta-layouts":"default","ast-page-background-enabled":"default","ast-page-background-meta":{"desktop":{"background-color":"","background-image":"","background-repeat":"repeat","background-position":"center center","background-size":"auto","background-attachment":"scroll","background-type":"","background-media":"","overlay-type":"","overlay-color":"","overlay-opacity":"","overlay-gradient":""},"tablet":{"background-color":"","background-image":"","background-repeat":"repeat","background-position":"center center","background-size":"auto","background-attachment":"scroll","background-type":"","background-media":"","overlay-type":"","overlay-color":"","overlay-opacity":"","overlay-gradient":""},"mobile":{"background-color":"","background-image":"","background-repeat":"repeat","background-position":"center center","background-size":"auto","background-attachment":"scroll","background-type":"","background-media":"","overlay-type":"","overlay-color":"","overlay-opacity":"","overlay-gradient":""}},"ast-content-background-meta":{"desktop":{"background-color":"var(--ast-global-color-5)","background-image":"","background-repeat":"repeat","background-position":"center center","background-size":"auto","background-attachment":"scroll","background-type":"","background-media":"","overlay-type":"","overlay-color":"","overlay-opacity":"","overlay-gradient":""},"tablet":{"background-color":"var(--ast-global-color-5)","background-image":"","background-repeat":"repeat","background-position":"center center","background-size":"auto","background-attachment":"scroll","background-type":"","background-media":"","overlay-type":"","overlay-color":"","overlay-opacity":"","overlay-gradient":""},"mobile":{"background-color":"var(--ast-global-color-5)","background-image":"","background-repeat":"repeat","background-position":"center center","background-size":"auto","background-attachment":"scroll","background-type":"","background-media":"","overlay-type":"","overlay-color":"","overlay-opacity":"","overlay-gradient":""}},"footnotes":""},"class_list":["post-1710","page","type-page","status-publish","hentry"],"_links":{"self":[{"href":"https:\/\/blog.erb-o-mat.de\/index.php?rest_route=\/wp\/v2\/pages\/1710","targetHints":{"allow":["GET"]}}],"collection":[{"href":"https:\/\/blog.erb-o-mat.de\/index.php?rest_route=\/wp\/v2\/pages"}],"about":[{"href":"https:\/\/blog.erb-o-mat.de\/index.php?rest_route=\/wp\/v2\/types\/page"}],"author":[{"embeddable":true,"href":"https:\/\/blog.erb-o-mat.de\/index.php?rest_route=\/wp\/v2\/users\/1"}],"replies":[{"embeddable":true,"href":"https:\/\/blog.erb-o-mat.de\/index.php?rest_route=%2Fwp%2Fv2%2Fcomments&post=1710"}],"version-history":[{"count":155,"href":"https:\/\/blog.erb-o-mat.de\/index.php?rest_route=\/wp\/v2\/pages\/1710\/revisions"}],"predecessor-version":[{"id":2529,"href":"https:\/\/blog.erb-o-mat.de\/index.php?rest_route=\/wp\/v2\/pages\/1710\/revisions\/2529"}],"wp:attachment":[{"href":"https:\/\/blog.erb-o-mat.de\/index.php?rest_route=%2Fwp%2Fv2%2Fmedia&parent=1710"}],"curies":[{"name":"wp","href":"https:\/\/api.w.org\/{rel}","templated":true}]}}